{"id":265,"date":"2024-07-02T11:59:44","date_gmt":"2024-07-02T09:59:44","guid":{"rendered":"https:\/\/www.lekshoppen.se\/?post_type=product&#038;p=265"},"modified":"2024-07-02T12:02:43","modified_gmt":"2024-07-02T10:02:43","slug":"air-storm-pilbage-tavla","status":"publish","type":"product","link":"https:\/\/www.lekshoppen.se\/index.php\/produkt\/air-storm-pilbage-tavla\/","title":{"rendered":"AIR STORM pilb\u00e5ge + tavla"},"content":{"rendered":"<p>Med denna pilb\u00e5ge som kallas Bullz-eye skjuter du upp till 10 meter. Pilarna har kardborref\u00e4ste (3 st) och piltavlan \u00e4r hopf\u00e4llbar (\u00d845 cm). Praktiskt vid f\u00f6rvaring. \u00d6va flitigt s\u00e5 kommer du pricka Bullz-eye.<\/p>\n<p>Rek.\u00e5lder 5+<\/p>\n","protected":false},"excerpt":{"rendered":"<p>Piltavla + kardborrepilar.<\/p>\n","protected":false},"featured_media":266,"template":"","meta":[],"product_brand":[],"product_cat":[15,33],"product_tag":[],"class_list":{"0":"post-265","1":"product","2":"type-product","3":"status-publish","4":"has-post-thumbnail","6":"product_cat-leksaker","7":"product_cat-utelek","9":"first","10":"instock","11":"shipping-taxable","12":"product-type-simple"},"_links":{"self":[{"href":"https:\/\/www.lekshoppen.se\/index.php\/wp-json\/wp\/v2\/product\/265","targetHints":{"allow":["GET"]}}],"collection":[{"href":"https:\/\/www.lekshoppen.se\/index.php\/wp-json\/wp\/v2\/product"}],"about":[{"href":"https:\/\/www.lekshoppen.se\/index.php\/wp-json\/wp\/v2\/types\/product"}],"wp:featuredmedia":[{"embeddable":true,"href":"https:\/\/www.lekshoppen.se\/index.php\/wp-json\/wp\/v2\/media\/266"}],"wp:attachment":[{"href":"https:\/\/www.lekshoppen.se\/index.php\/wp-json\/wp\/v2\/media?parent=265"}],"wp:term":[{"taxonomy":"product_brand","embeddable":true,"href":"https:\/\/www.lekshoppen.se\/index.php\/wp-json\/wp\/v2\/product_brand?post=265"},{"taxonomy":"product_cat","embeddable":true,"href":"https:\/\/www.lekshoppen.se\/index.php\/wp-json\/wp\/v2\/product_cat?post=265"},{"taxonomy":"product_tag","embeddable":true,"href":"https:\/\/www.lekshoppen.se\/index.php\/wp-json\/wp\/v2\/product_tag?post=265"}],"curies":[{"name":"wp","href":"https:\/\/api.w.org\/{rel}","templated":true}]}}