{"id":245,"date":"2024-06-27T16:48:00","date_gmt":"2024-06-27T14:48:00","guid":{"rendered":"https:\/\/www.lekshoppen.se\/?post_type=product&#038;p=245"},"modified":"2024-06-27T16:48:59","modified_gmt":"2024-06-27T14:48:59","slug":"med-vilda-gester","status":"publish","type":"product","link":"https:\/\/www.lekshoppen.se\/index.php\/produkt\/med-vilda-gester\/","title":{"rendered":"Med vilda gester"},"content":{"rendered":"<div class=\"TextKort\"><strong>Spelet d\u00e4r du f\u00e5r g\u00f6ra allt- utom att prata!!!<\/strong><\/div>\n<div id=\"Produktinfo\">\n<div id=\"read-more-text\">\n<article>Visa med ljud &amp; vilda gester vad du menar med.<\/article>\n<article>Du dribblar utan boll, l\u00e5tsas skjuta, skriker Yeahhh!<br \/>\nM\u00c5L, ropar din lagkamrat. R\u00c4TT!Du l\u00e5tsas sk\u00e4ra upp ett br\u00f6d, p\u00e5 med p\u00e5l\u00e4gg, tar en tugga.<br \/>\nSM\u00d6RG\u00c5S! fel! &#8230;BR\u00d6D!! fel! &#8230;tiden g\u00e5r..<\/p>\n<\/article>\n<article>N\u00e4r motspelarna tror sig veta svaret b\u00f6rjar de f\u00f6ra oljud med sina pipor<br \/>\nf\u00f6r att stressa och distrahera\u00a0 er,.<br \/>\nTUGGA!!! Ropar din lagkamrat. R\u00c4TT!<br \/>\nNu blir det tufft. En ljud uppgift? Vissla &#8221;Sm\u00e5 grodorna&#8221;.<br \/>\nDet \u00e4r inte det l\u00e4ttaste n\u00e4r du \u00e4r dubbelvikt av skratt och t\u00e4nk p\u00e5 att uppgiften \u00e4r tidsbegr\u00e4nsadSpeltid ca 30min. Antal spelare 4-8.<\/p>\n<\/article>\n<article>Rek. \u00e5lder 10+<\/article>\n<\/div>\n<\/div>\n<div class=\"spelEgenskaper\">\n<div class=\"badges flexboxWrap\"><\/div>\n<\/div>\n","protected":false},"excerpt":{"rendered":"<p>Familj\/Partyspel<\/p>\n","protected":false},"featured_media":246,"template":"","meta":[],"product_brand":[],"product_cat":[30,29],"product_tag":[],"class_list":{"0":"post-245","1":"product","2":"type-product","3":"status-publish","4":"has-post-thumbnail","6":"product_cat-bradspel","7":"product_cat-spel","9":"first","10":"instock","11":"shipping-taxable","12":"product-type-simple"},"_links":{"self":[{"href":"https:\/\/www.lekshoppen.se\/index.php\/wp-json\/wp\/v2\/product\/245","targetHints":{"allow":["GET"]}}],"collection":[{"href":"https:\/\/www.lekshoppen.se\/index.php\/wp-json\/wp\/v2\/product"}],"about":[{"href":"https:\/\/www.lekshoppen.se\/index.php\/wp-json\/wp\/v2\/types\/product"}],"wp:featuredmedia":[{"embeddable":true,"href":"https:\/\/www.lekshoppen.se\/index.php\/wp-json\/wp\/v2\/media\/246"}],"wp:attachment":[{"href":"https:\/\/www.lekshoppen.se\/index.php\/wp-json\/wp\/v2\/media?parent=245"}],"wp:term":[{"taxonomy":"product_brand","embeddable":true,"href":"https:\/\/www.lekshoppen.se\/index.php\/wp-json\/wp\/v2\/product_brand?post=245"},{"taxonomy":"product_cat","embeddable":true,"href":"https:\/\/www.lekshoppen.se\/index.php\/wp-json\/wp\/v2\/product_cat?post=245"},{"taxonomy":"product_tag","embeddable":true,"href":"https:\/\/www.lekshoppen.se\/index.php\/wp-json\/wp\/v2\/product_tag?post=245"}],"curies":[{"name":"wp","href":"https:\/\/api.w.org\/{rel}","templated":true}]}}