{"id":237,"date":"2024-06-27T15:01:29","date_gmt":"2024-06-27T13:01:29","guid":{"rendered":"https:\/\/www.lekshoppen.se\/?post_type=product&#038;p=237"},"modified":"2024-06-27T15:01:29","modified_gmt":"2024-06-27T13:01:29","slug":"galenpanna","status":"publish","type":"product","link":"https:\/\/www.lekshoppen.se\/index.php\/produkt\/galenpanna\/","title":{"rendered":"Galenpanna"},"content":{"rendered":"<p>F\u00f6rs\u00f6k lista ut vem du \u00e4r och var du \u00e4r genom att pressa dina motspelare p\u00e5 ledtr\u00e5dar.<\/p>\n<p>Ca speltid 30min. Antal spelare 2-5st.<\/p>\n<p>Rek. \u00e5lder 9+<\/p>\n","protected":false},"excerpt":{"rendered":"<p>Familjespel<\/p>\n","protected":false},"featured_media":238,"template":"","meta":[],"product_brand":[],"product_cat":[30,29],"product_tag":[],"class_list":{"0":"post-237","1":"product","2":"type-product","3":"status-publish","4":"has-post-thumbnail","6":"product_cat-bradspel","7":"product_cat-spel","9":"first","10":"instock","11":"shipping-taxable","12":"product-type-simple"},"_links":{"self":[{"href":"https:\/\/www.lekshoppen.se\/index.php\/wp-json\/wp\/v2\/product\/237","targetHints":{"allow":["GET"]}}],"collection":[{"href":"https:\/\/www.lekshoppen.se\/index.php\/wp-json\/wp\/v2\/product"}],"about":[{"href":"https:\/\/www.lekshoppen.se\/index.php\/wp-json\/wp\/v2\/types\/product"}],"wp:featuredmedia":[{"embeddable":true,"href":"https:\/\/www.lekshoppen.se\/index.php\/wp-json\/wp\/v2\/media\/238"}],"wp:attachment":[{"href":"https:\/\/www.lekshoppen.se\/index.php\/wp-json\/wp\/v2\/media?parent=237"}],"wp:term":[{"taxonomy":"product_brand","embeddable":true,"href":"https:\/\/www.lekshoppen.se\/index.php\/wp-json\/wp\/v2\/product_brand?post=237"},{"taxonomy":"product_cat","embeddable":true,"href":"https:\/\/www.lekshoppen.se\/index.php\/wp-json\/wp\/v2\/product_cat?post=237"},{"taxonomy":"product_tag","embeddable":true,"href":"https:\/\/www.lekshoppen.se\/index.php\/wp-json\/wp\/v2\/product_tag?post=237"}],"curies":[{"name":"wp","href":"https:\/\/api.w.org\/{rel}","templated":true}]}}