{"id":211,"date":"2024-06-25T14:49:16","date_gmt":"2024-06-25T12:49:16","guid":{"rendered":"https:\/\/www.lekshoppen.se\/?post_type=product&#038;p=211"},"modified":"2025-04-06T18:22:44","modified_gmt":"2025-04-06T16:22:44","slug":"gear4play-360-stunt-car","status":"publish","type":"product","link":"https:\/\/www.lekshoppen.se\/index.php\/produkt\/gear4play-360-stunt-car\/","title":{"rendered":"Gear4Play 360 stunt car"},"content":{"rendered":"<p>Liten tuff och snabb stuntbil som kan k\u00f6ra p\u00e5 b\u00e5da sidor av bilen och snurra runt i 360 graders spins. Kontrollen \u00e4r enkel att anv\u00e4nda och storleken \u00e4r anpassad f\u00f6r de yngre barnens h\u00e4nder. Bilen har mjuka gummid\u00e4ck som ger bra grepp. Kan \u00e4ven k\u00f6ras utomhus p\u00e5 torra plana ytor.<\/p>\n<p>Bilen \u00e4r16cm l\u00e5ng.<\/p>\n<p>2,4 Ghz frekvens.<\/p>\n<p>Bilen drivs av 4st AA batterier (Ing\u00e5r ej).<\/p>\n<p>Kontrollen drivs av 3st AAA batterier (Ing\u00e5r ej)<\/p>\n<p>Rek.\u00e5lder 5+<\/p>\n<p>&nbsp;<\/p>\n<p><iframe loading=\"lazy\" title=\"G4P Stunt Car\" width=\"1020\" height=\"574\" src=\"https:\/\/www.youtube.com\/embed\/yQi4-0y-L94?feature=oembed\" frameborder=\"0\" allow=\"accelerometer; autoplay; clipboard-write; encrypted-media; gyroscope; picture-in-picture; web-share\" referrerpolicy=\"strict-origin-when-cross-origin\" allowfullscreen><\/iframe><\/p>\n<p>&nbsp;<\/p>\n","protected":false},"excerpt":{"rendered":"<p>RC stuntbil. Kan k\u00f6ras p\u00e5 b\u00e5da sidor.<\/p>\n","protected":false},"featured_media":212,"template":"","meta":[],"product_brand":[],"product_cat":[26,15,73],"product_tag":[],"class_list":{"0":"post-211","1":"product","2":"type-product","3":"status-publish","4":"has-post-thumbnail","6":"product_cat-fordon","7":"product_cat-leksaker","8":"product_cat-radiostyrtrc","10":"first","11":"instock","12":"shipping-taxable","13":"product-type-simple"},"_links":{"self":[{"href":"https:\/\/www.lekshoppen.se\/index.php\/wp-json\/wp\/v2\/product\/211","targetHints":{"allow":["GET"]}}],"collection":[{"href":"https:\/\/www.lekshoppen.se\/index.php\/wp-json\/wp\/v2\/product"}],"about":[{"href":"https:\/\/www.lekshoppen.se\/index.php\/wp-json\/wp\/v2\/types\/product"}],"wp:featuredmedia":[{"embeddable":true,"href":"https:\/\/www.lekshoppen.se\/index.php\/wp-json\/wp\/v2\/media\/212"}],"wp:attachment":[{"href":"https:\/\/www.lekshoppen.se\/index.php\/wp-json\/wp\/v2\/media?parent=211"}],"wp:term":[{"taxonomy":"product_brand","embeddable":true,"href":"https:\/\/www.lekshoppen.se\/index.php\/wp-json\/wp\/v2\/product_brand?post=211"},{"taxonomy":"product_cat","embeddable":true,"href":"https:\/\/www.lekshoppen.se\/index.php\/wp-json\/wp\/v2\/product_cat?post=211"},{"taxonomy":"product_tag","embeddable":true,"href":"https:\/\/www.lekshoppen.se\/index.php\/wp-json\/wp\/v2\/product_tag?post=211"}],"curies":[{"name":"wp","href":"https:\/\/api.w.org\/{rel}","templated":true}]}}