{"id":203,"date":"2024-06-25T14:21:42","date_gmt":"2024-06-25T12:21:42","guid":{"rendered":"https:\/\/www.lekshoppen.se\/?post_type=product&#038;p=203"},"modified":"2025-11-12T15:54:53","modified_gmt":"2025-11-12T14:54:53","slug":"tooko-min-forsta-radiostyrda-bil","status":"publish","type":"product","link":"https:\/\/www.lekshoppen.se\/index.php\/produkt\/tooko-min-forsta-radiostyrda-bil\/","title":{"rendered":"Tooko min f\u00f6rsta radiostyrda bil"},"content":{"rendered":"<p>Bygg den egen radiostyrda bil. Det f\u00f6ljer med en speciell skruvmejsel s\u00e5 att du kan montera sj\u00e4lv. Skruvmejseln har 2 i 1 funktioner. Motorn i skruvmejseln fungerar ocks\u00e5 som motor till bilen. 2,4 GHz-kontroll f\u00f6r att flytta bilen fram\u00e5t och bak\u00e5t med ljudeffekter. Se om du kan bli en liten mekaniker idag!<\/p>\n<p>Kr\u00e4ver 5st AA batterier.<\/p>\n<p>Rek.\u00e5lder 3+<\/p>\n<p>&nbsp;<\/p>\n<p>&nbsp;<\/p>\n<p>&nbsp;<\/p>\n<p>&nbsp;<\/p>\n","protected":false},"excerpt":{"rendered":"<p>Bygg din egen radiostyrda bil.<\/p>\n","protected":false},"featured_media":204,"template":"","meta":[],"product_brand":[],"product_cat":[26,15,73],"product_tag":[],"class_list":{"0":"post-203","1":"product","2":"type-product","3":"status-publish","4":"has-post-thumbnail","6":"product_cat-fordon","7":"product_cat-leksaker","8":"product_cat-radiostyrtrc","10":"first","11":"instock","12":"shipping-taxable","13":"product-type-simple"},"_links":{"self":[{"href":"https:\/\/www.lekshoppen.se\/index.php\/wp-json\/wp\/v2\/product\/203","targetHints":{"allow":["GET"]}}],"collection":[{"href":"https:\/\/www.lekshoppen.se\/index.php\/wp-json\/wp\/v2\/product"}],"about":[{"href":"https:\/\/www.lekshoppen.se\/index.php\/wp-json\/wp\/v2\/types\/product"}],"wp:featuredmedia":[{"embeddable":true,"href":"https:\/\/www.lekshoppen.se\/index.php\/wp-json\/wp\/v2\/media\/204"}],"wp:attachment":[{"href":"https:\/\/www.lekshoppen.se\/index.php\/wp-json\/wp\/v2\/media?parent=203"}],"wp:term":[{"taxonomy":"product_brand","embeddable":true,"href":"https:\/\/www.lekshoppen.se\/index.php\/wp-json\/wp\/v2\/product_brand?post=203"},{"taxonomy":"product_cat","embeddable":true,"href":"https:\/\/www.lekshoppen.se\/index.php\/wp-json\/wp\/v2\/product_cat?post=203"},{"taxonomy":"product_tag","embeddable":true,"href":"https:\/\/www.lekshoppen.se\/index.php\/wp-json\/wp\/v2\/product_tag?post=203"}],"curies":[{"name":"wp","href":"https:\/\/api.w.org\/{rel}","templated":true}]}}