{"id":1260,"date":"2026-03-13T17:12:01","date_gmt":"2026-03-13T16:12:01","guid":{"rendered":"https:\/\/www.lekshoppen.se\/?post_type=product&#038;p=1260"},"modified":"2026-03-13T17:12:01","modified_gmt":"2026-03-13T16:12:01","slug":"mini-brand-frys","status":"publish","type":"product","link":"https:\/\/www.lekshoppen.se\/index.php\/produkt\/mini-brand-frys\/","title":{"rendered":"Mini Brand frys"},"content":{"rendered":"<p>Zuru mini brand . Fyll frysen med matr\u00e4tter i mini format. \u00d6verrasknings boll med flera sp\u00e4nnande \u00f6verraskningar.<\/p>\n","protected":false},"excerpt":{"rendered":"<p>Zuru mini brand<\/p>\n","protected":false},"featured_media":1261,"template":"","meta":[],"product_brand":[],"product_cat":[15,17,18,71],"product_tag":[],"class_list":{"0":"post-1260","1":"product","2":"type-product","3":"status-publish","4":"has-post-thumbnail","6":"product_cat-leksaker","7":"product_cat-nyheter","8":"product_cat-populart","9":"product_cat-smaplockslimefidgettoys","11":"first","12":"instock","13":"shipping-taxable","14":"product-type-simple"},"_links":{"self":[{"href":"https:\/\/www.lekshoppen.se\/index.php\/wp-json\/wp\/v2\/product\/1260","targetHints":{"allow":["GET"]}}],"collection":[{"href":"https:\/\/www.lekshoppen.se\/index.php\/wp-json\/wp\/v2\/product"}],"about":[{"href":"https:\/\/www.lekshoppen.se\/index.php\/wp-json\/wp\/v2\/types\/product"}],"wp:featuredmedia":[{"embeddable":true,"href":"https:\/\/www.lekshoppen.se\/index.php\/wp-json\/wp\/v2\/media\/1261"}],"wp:attachment":[{"href":"https:\/\/www.lekshoppen.se\/index.php\/wp-json\/wp\/v2\/media?parent=1260"}],"wp:term":[{"taxonomy":"product_brand","embeddable":true,"href":"https:\/\/www.lekshoppen.se\/index.php\/wp-json\/wp\/v2\/product_brand?post=1260"},{"taxonomy":"product_cat","embeddable":true,"href":"https:\/\/www.lekshoppen.se\/index.php\/wp-json\/wp\/v2\/product_cat?post=1260"},{"taxonomy":"product_tag","embeddable":true,"href":"https:\/\/www.lekshoppen.se\/index.php\/wp-json\/wp\/v2\/product_tag?post=1260"}],"curies":[{"name":"wp","href":"https:\/\/api.w.org\/{rel}","templated":true}]}}