{"id":1257,"date":"2026-03-13T16:48:45","date_gmt":"2026-03-13T15:48:45","guid":{"rendered":"https:\/\/www.lekshoppen.se\/?post_type=product&#038;p=1257"},"modified":"2026-03-13T16:48:45","modified_gmt":"2026-03-13T15:48:45","slug":"sugar-squeeze-geometriska-former","status":"publish","type":"product","link":"https:\/\/www.lekshoppen.se\/index.php\/produkt\/sugar-squeeze-geometriska-former\/","title":{"rendered":"Sugar squeeze Geometriska former"},"content":{"rendered":"<p>Saker man kl\u00e4mmer p\u00e5 \u00e4r v\u00e4ldigt popul\u00e4rt- Dessa \u00e4r fyllda med maltos en typ av socker. Avkopplande att kl\u00e4mma p\u00e5. 6cm<\/p>\n<p>Rek. \u00e5lder 5+<\/p>\n","protected":false},"excerpt":{"rendered":"<p>Sugar squeeze<\/p>\n","protected":false},"featured_media":1258,"template":"","meta":[],"product_brand":[],"product_cat":[17,18,71],"product_tag":[],"class_list":{"0":"post-1257","1":"product","2":"type-product","3":"status-publish","4":"has-post-thumbnail","6":"product_cat-nyheter","7":"product_cat-populart","8":"product_cat-smaplockslimefidgettoys","10":"first","11":"instock","12":"shipping-taxable","13":"product-type-simple"},"_links":{"self":[{"href":"https:\/\/www.lekshoppen.se\/index.php\/wp-json\/wp\/v2\/product\/1257","targetHints":{"allow":["GET"]}}],"collection":[{"href":"https:\/\/www.lekshoppen.se\/index.php\/wp-json\/wp\/v2\/product"}],"about":[{"href":"https:\/\/www.lekshoppen.se\/index.php\/wp-json\/wp\/v2\/types\/product"}],"wp:featuredmedia":[{"embeddable":true,"href":"https:\/\/www.lekshoppen.se\/index.php\/wp-json\/wp\/v2\/media\/1258"}],"wp:attachment":[{"href":"https:\/\/www.lekshoppen.se\/index.php\/wp-json\/wp\/v2\/media?parent=1257"}],"wp:term":[{"taxonomy":"product_brand","embeddable":true,"href":"https:\/\/www.lekshoppen.se\/index.php\/wp-json\/wp\/v2\/product_brand?post=1257"},{"taxonomy":"product_cat","embeddable":true,"href":"https:\/\/www.lekshoppen.se\/index.php\/wp-json\/wp\/v2\/product_cat?post=1257"},{"taxonomy":"product_tag","embeddable":true,"href":"https:\/\/www.lekshoppen.se\/index.php\/wp-json\/wp\/v2\/product_tag?post=1257"}],"curies":[{"name":"wp","href":"https:\/\/api.w.org\/{rel}","templated":true}]}}