{"id":1251,"date":"2026-03-13T12:33:37","date_gmt":"2026-03-13T11:33:37","guid":{"rendered":"https:\/\/www.lekshoppen.se\/?post_type=product&#038;p=1251"},"modified":"2026-03-13T12:33:37","modified_gmt":"2026-03-13T11:33:37","slug":"magnoliakvistar","status":"publish","type":"product","link":"https:\/\/www.lekshoppen.se\/index.php\/produkt\/magnoliakvistar\/","title":{"rendered":"Magnoliakvistar"},"content":{"rendered":"<p>L\u00e5t dig uppslukas av naturen och skapa en vacker blomsterprydnad med byggsetet LEGO\u00ae Botanicals Magnoliagrenar (11510) f\u00f6r vuxna. Koppla av medan du skapar blomstermodellen, med 5 mycket detaljerade magnoliagrenar. Detta \u00e4r ett av de f\u00e5 LEGO Botanicals seten som inneh\u00e5ller grenar, och magnoliabladen har 2 olika nyanser f\u00f6r att vara mer realistiska. Det finns ocks\u00e5 m\u00e5nga roliga detaljer att uppt\u00e4cka, som cupcakedelar som fruktblad, bruna grodor som tr\u00e4kvistar, \u00e4ggdelar som knoppar och glassvirvlar som hoprullade knopptoppar. N\u00e4r LEGO blommorna \u00e4r f\u00e4rdigbyggda blir de en vacker blomsterprydnad som kan kombineras med andra LEGO Botanicals set (s\u00e4ljs separat) f\u00f6r att skapa en st\u00f6rre, personlig modell. Detta byggset blir en omt\u00e4nksam present till f\u00f6delsedagar, alla hj\u00e4rtans dag eller mors dag eller en inflyttningspresent till kvinnor, m\u00e4n och natur\u00e4lskare. Det finns ocks\u00e5 i appen LEGO Builder, d\u00e4r aspirerande florister kan rotera sina byggen och f\u00f6lja sina framsteg.Setet inneh\u00e5ller 435 delar, och magnoliagrenarna \u00e4r tillsammans 39 cm h\u00f6ga, 44 cm breda och 11 cm djupa.<\/p>\n<p>Rek.\u00e5lder 18+<\/p>\n","protected":false},"excerpt":{"rendered":"<p>Magnoliakvistar<\/p>\n","protected":false},"featured_media":1252,"template":"","meta":[],"product_brand":[],"product_cat":[57,66,17],"product_tag":[],"class_list":{"0":"post-1251","1":"product","2":"type-product","3":"status-publish","4":"has-post-thumbnail","6":"product_cat-lego","7":"product_cat-lego-botanical","8":"product_cat-nyheter","10":"first","11":"instock","12":"shipping-taxable","13":"product-type-simple"},"_links":{"self":[{"href":"https:\/\/www.lekshoppen.se\/index.php\/wp-json\/wp\/v2\/product\/1251","targetHints":{"allow":["GET"]}}],"collection":[{"href":"https:\/\/www.lekshoppen.se\/index.php\/wp-json\/wp\/v2\/product"}],"about":[{"href":"https:\/\/www.lekshoppen.se\/index.php\/wp-json\/wp\/v2\/types\/product"}],"wp:featuredmedia":[{"embeddable":true,"href":"https:\/\/www.lekshoppen.se\/index.php\/wp-json\/wp\/v2\/media\/1252"}],"wp:attachment":[{"href":"https:\/\/www.lekshoppen.se\/index.php\/wp-json\/wp\/v2\/media?parent=1251"}],"wp:term":[{"taxonomy":"product_brand","embeddable":true,"href":"https:\/\/www.lekshoppen.se\/index.php\/wp-json\/wp\/v2\/product_brand?post=1251"},{"taxonomy":"product_cat","embeddable":true,"href":"https:\/\/www.lekshoppen.se\/index.php\/wp-json\/wp\/v2\/product_cat?post=1251"},{"taxonomy":"product_tag","embeddable":true,"href":"https:\/\/www.lekshoppen.se\/index.php\/wp-json\/wp\/v2\/product_tag?post=1251"}],"curies":[{"name":"wp","href":"https:\/\/api.w.org\/{rel}","templated":true}]}}