{"id":1237,"date":"2026-03-13T12:19:38","date_gmt":"2026-03-13T11:19:38","guid":{"rendered":"https:\/\/www.lekshoppen.se\/?post_type=product&#038;p=1237"},"modified":"2026-03-13T12:19:39","modified_gmt":"2026-03-13T11:19:39","slug":"bukett-solrosor","status":"publish","type":"product","link":"https:\/\/www.lekshoppen.se\/index.php\/produkt\/bukett-solrosor\/","title":{"rendered":"Bukett solrosor"},"content":{"rendered":"<p>L\u00e5t din kreativitet blomstra med byggsetet LEGO\u00ae Botanicals Bukett med solrosor (11502) f\u00f6r vuxna. Denna vackra LEGO bukett inneh\u00e5ller 6 solrosor i olika utvecklingsstadier. Njut av att skapa 1 solrosknopp, 3 solrosor som b\u00f6rjat blomma och 2 stora, helt utslagna solrosor, plus 4 eukalyptusstj\u00e4lkar. Dessa LEGO blommor \u00e4r utformade f\u00f6r att vara mycket realistiska, och kronbladen och stj\u00e4lkarna \u00e4r justerbara s\u00e5 att aspirerande florister kan arrangera v\u00e4xterna till en skr\u00e4ddarsydd bukett och stolt visa upp den som en blomsterprydnad. Setet inneh\u00e5ll er 686 delar.<\/p>\n<p>Rek. \u00e5lder 18+<\/p>\n","protected":false},"excerpt":{"rendered":"<p>Solrosbukett<\/p>\n","protected":false},"featured_media":1238,"template":"","meta":[],"product_brand":[],"product_cat":[57,66,17],"product_tag":[],"class_list":{"0":"post-1237","1":"product","2":"type-product","3":"status-publish","4":"has-post-thumbnail","6":"product_cat-lego","7":"product_cat-lego-botanical","8":"product_cat-nyheter","10":"first","11":"instock","12":"shipping-taxable","13":"product-type-simple"},"_links":{"self":[{"href":"https:\/\/www.lekshoppen.se\/index.php\/wp-json\/wp\/v2\/product\/1237","targetHints":{"allow":["GET"]}}],"collection":[{"href":"https:\/\/www.lekshoppen.se\/index.php\/wp-json\/wp\/v2\/product"}],"about":[{"href":"https:\/\/www.lekshoppen.se\/index.php\/wp-json\/wp\/v2\/types\/product"}],"wp:featuredmedia":[{"embeddable":true,"href":"https:\/\/www.lekshoppen.se\/index.php\/wp-json\/wp\/v2\/media\/1238"}],"wp:attachment":[{"href":"https:\/\/www.lekshoppen.se\/index.php\/wp-json\/wp\/v2\/media?parent=1237"}],"wp:term":[{"taxonomy":"product_brand","embeddable":true,"href":"https:\/\/www.lekshoppen.se\/index.php\/wp-json\/wp\/v2\/product_brand?post=1237"},{"taxonomy":"product_cat","embeddable":true,"href":"https:\/\/www.lekshoppen.se\/index.php\/wp-json\/wp\/v2\/product_cat?post=1237"},{"taxonomy":"product_tag","embeddable":true,"href":"https:\/\/www.lekshoppen.se\/index.php\/wp-json\/wp\/v2\/product_tag?post=1237"}],"curies":[{"name":"wp","href":"https:\/\/api.w.org\/{rel}","templated":true}]}}