{"id":1232,"date":"2026-03-13T12:11:10","date_gmt":"2026-03-13T11:11:10","guid":{"rendered":"https:\/\/www.lekshoppen.se\/?post_type=product&#038;p=1232"},"modified":"2026-03-13T12:11:10","modified_gmt":"2026-03-13T11:11:10","slug":"bukett-med-tulpaner","status":"publish","type":"product","link":"https:\/\/www.lekshoppen.se\/index.php\/produkt\/bukett-med-tulpaner\/","title":{"rendered":"Bukett med tulpaner"},"content":{"rendered":"<p>Ge ditt hem en vacker blomsterprydnad med byggsetet LEGO\u00ae Botanicals Bukett med tulpaner (11501) f\u00f6r vuxna. Denna LEGO bukett f\u00e5ngar v\u00e5rens gl\u00e4dje och optimism och inneh\u00e5ller 5 olika sorters tulpaner i olika f\u00e4rger och blomningsstadier. L\u00e5t dig uppslukas av blommornas sk\u00f6nhet n\u00e4r du skapar livfulla gr\u00f6na knoppar, lila slutna tulpaner och r\u00f6da, gula och rosa \u00f6ppna tulpaner, plus gr\u00f6na blad f\u00f6r extra autenticitet. Blombyggsetet har \u00e4ven justerbara stj\u00e4lkar som g\u00f6r det enkelt att arrangera tulpanerna till en skr\u00e4ddarsydd LEGO bukett. N\u00e4r detta roliga pysselprojekt \u00e4r f\u00e4rdigt blir setet en fantastisk blomsterprydnad som s\u00e4tter f\u00e4rg p\u00e5 varje rum. Detta blomsterbyggset, som \u00e4r en omt\u00e4nksam present till kvinnor och m\u00e4n p\u00e5 f\u00f6delsedagar, alla hj\u00e4rtans dag, mors dag, inflyttningsfester eller andra speciella tillf\u00e4llen, finns \u00e4ven i appen LEGO Builder, d\u00e4r aspirerande florister f\u00e5r tillg\u00e5ng till digitala bygginstruktioner och kan f\u00f6lja sina framsteg. Setet inneh\u00e5ller 576 delar. Den l\u00e4ngsta tulpanen \u00e4r 36 cm h\u00f6g.<\/p>\n<p>Rek.\u00e5lder 18+<\/p>\n","protected":false},"excerpt":{"rendered":"<p>Tulpanbukett<\/p>\n","protected":false},"featured_media":1233,"template":"","meta":[],"product_brand":[],"product_cat":[57,66,17],"product_tag":[],"class_list":{"0":"post-1232","1":"product","2":"type-product","3":"status-publish","4":"has-post-thumbnail","6":"product_cat-lego","7":"product_cat-lego-botanical","8":"product_cat-nyheter","10":"first","11":"instock","12":"shipping-taxable","13":"product-type-simple"},"_links":{"self":[{"href":"https:\/\/www.lekshoppen.se\/index.php\/wp-json\/wp\/v2\/product\/1232","targetHints":{"allow":["GET"]}}],"collection":[{"href":"https:\/\/www.lekshoppen.se\/index.php\/wp-json\/wp\/v2\/product"}],"about":[{"href":"https:\/\/www.lekshoppen.se\/index.php\/wp-json\/wp\/v2\/types\/product"}],"wp:featuredmedia":[{"embeddable":true,"href":"https:\/\/www.lekshoppen.se\/index.php\/wp-json\/wp\/v2\/media\/1233"}],"wp:attachment":[{"href":"https:\/\/www.lekshoppen.se\/index.php\/wp-json\/wp\/v2\/media?parent=1232"}],"wp:term":[{"taxonomy":"product_brand","embeddable":true,"href":"https:\/\/www.lekshoppen.se\/index.php\/wp-json\/wp\/v2\/product_brand?post=1232"},{"taxonomy":"product_cat","embeddable":true,"href":"https:\/\/www.lekshoppen.se\/index.php\/wp-json\/wp\/v2\/product_cat?post=1232"},{"taxonomy":"product_tag","embeddable":true,"href":"https:\/\/www.lekshoppen.se\/index.php\/wp-json\/wp\/v2\/product_tag?post=1232"}],"curies":[{"name":"wp","href":"https:\/\/api.w.org\/{rel}","templated":true}]}}