{"id":1225,"date":"2026-03-13T11:58:09","date_gmt":"2026-03-13T10:58:09","guid":{"rendered":"https:\/\/www.lekshoppen.se\/?post_type=product&#038;p=1225"},"modified":"2026-03-13T11:58:09","modified_gmt":"2026-03-13T10:58:09","slug":"bukett-med-rosor","status":"publish","type":"product","link":"https:\/\/www.lekshoppen.se\/index.php\/produkt\/bukett-med-rosor\/","title":{"rendered":"Bukett med rosor"},"content":{"rendered":"<p>Njut av ett uppslukande projekt n\u00e4r du minuti\u00f6st skapar LEGO buketten, som inneh\u00e5ller 12 rosa rosor i olika stadier \u2013 uppt\u00e4ck 4 rosor i full blom, 4 rosor som h\u00e5ller p\u00e5 att sl\u00e5 ut och 4 rosenknoppar. Rosorna har flera rosa nyanser f\u00f6r att se mer \u00e4kta ut, och buketten inneh\u00e5ller ocks\u00e5 4 s\u00f6ta kvistar av brudsl\u00f6ja med sm\u00e5 vita blommor. Setet \u00e4r perfekt som ett solo- eller grupprojekt och inneh\u00e5ller 3 h\u00e4ften med bygginstruktioner s\u00e5 att du kan knyta starkare band \u00f6ver blommorna med v\u00e4nner eller familj innan du stolt visar upp rosorna som en blomsterdekoration.<\/p>\n<p>789 bitar.<\/p>\n<p>Rek.\u00e5lder 18+<\/p>\n","protected":false},"excerpt":{"rendered":"<p>Rosbukett<\/p>\n","protected":false},"featured_media":1228,"template":"","meta":[],"product_brand":[],"product_cat":[57,66,17],"product_tag":[],"class_list":{"0":"post-1225","1":"product","2":"type-product","3":"status-publish","4":"has-post-thumbnail","6":"product_cat-lego","7":"product_cat-lego-botanical","8":"product_cat-nyheter","10":"first","11":"instock","12":"shipping-taxable","13":"product-type-simple"},"_links":{"self":[{"href":"https:\/\/www.lekshoppen.se\/index.php\/wp-json\/wp\/v2\/product\/1225","targetHints":{"allow":["GET"]}}],"collection":[{"href":"https:\/\/www.lekshoppen.se\/index.php\/wp-json\/wp\/v2\/product"}],"about":[{"href":"https:\/\/www.lekshoppen.se\/index.php\/wp-json\/wp\/v2\/types\/product"}],"wp:featuredmedia":[{"embeddable":true,"href":"https:\/\/www.lekshoppen.se\/index.php\/wp-json\/wp\/v2\/media\/1228"}],"wp:attachment":[{"href":"https:\/\/www.lekshoppen.se\/index.php\/wp-json\/wp\/v2\/media?parent=1225"}],"wp:term":[{"taxonomy":"product_brand","embeddable":true,"href":"https:\/\/www.lekshoppen.se\/index.php\/wp-json\/wp\/v2\/product_brand?post=1225"},{"taxonomy":"product_cat","embeddable":true,"href":"https:\/\/www.lekshoppen.se\/index.php\/wp-json\/wp\/v2\/product_cat?post=1225"},{"taxonomy":"product_tag","embeddable":true,"href":"https:\/\/www.lekshoppen.se\/index.php\/wp-json\/wp\/v2\/product_tag?post=1225"}],"curies":[{"name":"wp","href":"https:\/\/api.w.org\/{rel}","templated":true}]}}