{"id":1195,"date":"2025-11-12T16:46:46","date_gmt":"2025-11-12T15:46:46","guid":{"rendered":"https:\/\/www.lekshoppen.se\/?post_type=product&#038;p=1195"},"modified":"2025-11-12T16:46:46","modified_gmt":"2025-11-12T15:46:46","slug":"dress-to-impress","status":"publish","type":"product","link":"https:\/\/www.lekshoppen.se\/index.php\/produkt\/dress-to-impress\/","title":{"rendered":"Dress to impress"},"content":{"rendered":"<p>Modedockor fr\u00e5n Roblox.\u00a0 Dress To Impress Mystery Models \u2013 r\u00f6rliga samlardockor med unika outfits. Posera dockorna p\u00e5 catwalken. Utbytbara delar f\u00f6r att fixa din personliga stil.\u00a0Elegant displaykapsel med samlarkort. F\u00f6rpackningen \u00e4r 14cm h\u00f6g. Dockan n\u00e5got mindre.<\/p>\n<p>Rek. \u00e5lder 6+<\/p>\n","protected":false},"excerpt":{"rendered":"<p>Dress to impress modedocka<\/p>\n","protected":false},"featured_media":1196,"template":"","meta":[],"product_brand":[],"product_cat":[25,15,17,18],"product_tag":[],"class_list":{"0":"post-1195","1":"product","2":"type-product","3":"status-publish","4":"has-post-thumbnail","6":"product_cat-dockor","7":"product_cat-leksaker","8":"product_cat-nyheter","9":"product_cat-populart","11":"first","12":"instock","13":"shipping-taxable","14":"product-type-simple"},"_links":{"self":[{"href":"https:\/\/www.lekshoppen.se\/index.php\/wp-json\/wp\/v2\/product\/1195","targetHints":{"allow":["GET"]}}],"collection":[{"href":"https:\/\/www.lekshoppen.se\/index.php\/wp-json\/wp\/v2\/product"}],"about":[{"href":"https:\/\/www.lekshoppen.se\/index.php\/wp-json\/wp\/v2\/types\/product"}],"wp:featuredmedia":[{"embeddable":true,"href":"https:\/\/www.lekshoppen.se\/index.php\/wp-json\/wp\/v2\/media\/1196"}],"wp:attachment":[{"href":"https:\/\/www.lekshoppen.se\/index.php\/wp-json\/wp\/v2\/media?parent=1195"}],"wp:term":[{"taxonomy":"product_brand","embeddable":true,"href":"https:\/\/www.lekshoppen.se\/index.php\/wp-json\/wp\/v2\/product_brand?post=1195"},{"taxonomy":"product_cat","embeddable":true,"href":"https:\/\/www.lekshoppen.se\/index.php\/wp-json\/wp\/v2\/product_cat?post=1195"},{"taxonomy":"product_tag","embeddable":true,"href":"https:\/\/www.lekshoppen.se\/index.php\/wp-json\/wp\/v2\/product_tag?post=1195"}],"curies":[{"name":"wp","href":"https:\/\/api.w.org\/{rel}","templated":true}]}}