{"id":1175,"date":"2025-11-12T15:34:18","date_gmt":"2025-11-12T14:34:18","guid":{"rendered":"https:\/\/www.lekshoppen.se\/?post_type=product&#038;p=1175"},"modified":"2025-11-12T15:34:18","modified_gmt":"2025-11-12T14:34:18","slug":"noxxiez-kudde-handvarmare","status":"publish","type":"product","link":"https:\/\/www.lekshoppen.se\/index.php\/produkt\/noxxiez-kudde-handvarmare\/","title":{"rendered":"Noxxiez kudde\/handv\u00e4rmare"},"content":{"rendered":"<p>J\u00e4ttemysig kudde som du kan g\u00f6mma h\u00e4nderna i. Ca 35 cm<\/p>\n<p>Finns olika sorter<\/p>\n","protected":false},"excerpt":{"rendered":"<p>Noxxiez kudde<\/p>\n","protected":false},"featured_media":1176,"template":"","meta":[],"product_brand":[],"product_cat":[15,48,17,18],"product_tag":[],"class_list":{"0":"post-1175","1":"product","2":"type-product","3":"status-publish","4":"has-post-thumbnail","6":"product_cat-leksaker","7":"product_cat-mjukisar","8":"product_cat-nyheter","9":"product_cat-populart","11":"first","12":"instock","13":"shipping-taxable","14":"product-type-simple"},"_links":{"self":[{"href":"https:\/\/www.lekshoppen.se\/index.php\/wp-json\/wp\/v2\/product\/1175","targetHints":{"allow":["GET"]}}],"collection":[{"href":"https:\/\/www.lekshoppen.se\/index.php\/wp-json\/wp\/v2\/product"}],"about":[{"href":"https:\/\/www.lekshoppen.se\/index.php\/wp-json\/wp\/v2\/types\/product"}],"wp:featuredmedia":[{"embeddable":true,"href":"https:\/\/www.lekshoppen.se\/index.php\/wp-json\/wp\/v2\/media\/1176"}],"wp:attachment":[{"href":"https:\/\/www.lekshoppen.se\/index.php\/wp-json\/wp\/v2\/media?parent=1175"}],"wp:term":[{"taxonomy":"product_brand","embeddable":true,"href":"https:\/\/www.lekshoppen.se\/index.php\/wp-json\/wp\/v2\/product_brand?post=1175"},{"taxonomy":"product_cat","embeddable":true,"href":"https:\/\/www.lekshoppen.se\/index.php\/wp-json\/wp\/v2\/product_cat?post=1175"},{"taxonomy":"product_tag","embeddable":true,"href":"https:\/\/www.lekshoppen.se\/index.php\/wp-json\/wp\/v2\/product_tag?post=1175"}],"curies":[{"name":"wp","href":"https:\/\/api.w.org\/{rel}","templated":true}]}}