{"id":1159,"date":"2025-08-09T14:35:51","date_gmt":"2025-08-09T12:35:51","guid":{"rendered":"https:\/\/www.lekshoppen.se\/?post_type=product&#038;p=1159"},"modified":"2025-08-09T14:35:51","modified_gmt":"2025-08-09T12:35:51","slug":"sifferballonger-i-folie","status":"publish","type":"product","link":"https:\/\/www.lekshoppen.se\/index.php\/produkt\/sifferballonger-i-folie\/","title":{"rendered":"Sifferballonger i folie"},"content":{"rendered":"<p>Dessa sifferballonger \u00e4r om\u00e5ttligt popul\u00e4ra.<\/p>\n<p>Folieballong f\u00f6r luft eller helium. Storlekar: 66cm, 86cm och 102cm.<\/p>\n","protected":false},"excerpt":{"rendered":"<p>Sifferballong<\/p>\n","protected":false},"featured_media":1160,"template":"","meta":[],"product_brand":[],"product_cat":[80,79,18],"product_tag":[],"class_list":{"0":"post-1159","1":"product","2":"type-product","3":"status-publish","4":"has-post-thumbnail","6":"product_cat-folieballonger","7":"product_cat-kalasparty","8":"product_cat-populart","10":"first","11":"instock","12":"shipping-taxable","13":"product-type-simple"},"_links":{"self":[{"href":"https:\/\/www.lekshoppen.se\/index.php\/wp-json\/wp\/v2\/product\/1159","targetHints":{"allow":["GET"]}}],"collection":[{"href":"https:\/\/www.lekshoppen.se\/index.php\/wp-json\/wp\/v2\/product"}],"about":[{"href":"https:\/\/www.lekshoppen.se\/index.php\/wp-json\/wp\/v2\/types\/product"}],"wp:featuredmedia":[{"embeddable":true,"href":"https:\/\/www.lekshoppen.se\/index.php\/wp-json\/wp\/v2\/media\/1160"}],"wp:attachment":[{"href":"https:\/\/www.lekshoppen.se\/index.php\/wp-json\/wp\/v2\/media?parent=1159"}],"wp:term":[{"taxonomy":"product_brand","embeddable":true,"href":"https:\/\/www.lekshoppen.se\/index.php\/wp-json\/wp\/v2\/product_brand?post=1159"},{"taxonomy":"product_cat","embeddable":true,"href":"https:\/\/www.lekshoppen.se\/index.php\/wp-json\/wp\/v2\/product_cat?post=1159"},{"taxonomy":"product_tag","embeddable":true,"href":"https:\/\/www.lekshoppen.se\/index.php\/wp-json\/wp\/v2\/product_tag?post=1159"}],"curies":[{"name":"wp","href":"https:\/\/api.w.org\/{rel}","templated":true}]}}