{"id":1126,"date":"2025-07-28T15:41:00","date_gmt":"2025-07-28T13:41:00","guid":{"rendered":"https:\/\/www.lekshoppen.se\/?post_type=product&#038;p=1126"},"modified":"2025-11-12T15:43:16","modified_gmt":"2025-11-12T14:43:16","slug":"termos-rostfritt-stal","status":"publish","type":"product","link":"https:\/\/www.lekshoppen.se\/index.php\/produkt\/termos-rostfritt-stal\/","title":{"rendered":"Termos, rostfritt st\u00e5l"},"content":{"rendered":"<p>Fina termosar i rostfritt st\u00e5l.\u00a0Den tillh\u00f6rande muggen \u00e4r i gummerad plast. Termosen h\u00e5ller v\u00e4rmen (eller kylan) upp till 10 timmar.<\/p>\n<p>Tre olika motiv att v\u00e4lja p\u00e5. Blomsterbarnen, Tomtebobarnen, Pippi L\u00e5ngstrump.<\/p>\n<p><strong>Sk\u00f6tselr\u00e5d: Hand-disk<\/strong><br \/>\n<strong>Material: Rostfritt st\u00e5l, PP<\/strong><br \/>\n<strong>M\u00e5tt: 20 x 6.9 cm, Rymmer 350 ml<br \/>\n\u00c5lder: +36 m\u00e5nader<\/strong><\/p>\n<p>&nbsp;<\/p>\n","protected":false},"excerpt":{"rendered":"<p>Termos<\/p>\n","protected":false},"featured_media":1128,"template":"","meta":[],"product_brand":[],"product_cat":[74],"product_tag":[],"class_list":{"0":"post-1126","1":"product","2":"type-product","3":"status-publish","4":"has-post-thumbnail","6":"product_cat-atadricka","8":"first","9":"instock","10":"shipping-taxable","11":"product-type-simple"},"_links":{"self":[{"href":"https:\/\/www.lekshoppen.se\/index.php\/wp-json\/wp\/v2\/product\/1126","targetHints":{"allow":["GET"]}}],"collection":[{"href":"https:\/\/www.lekshoppen.se\/index.php\/wp-json\/wp\/v2\/product"}],"about":[{"href":"https:\/\/www.lekshoppen.se\/index.php\/wp-json\/wp\/v2\/types\/product"}],"wp:featuredmedia":[{"embeddable":true,"href":"https:\/\/www.lekshoppen.se\/index.php\/wp-json\/wp\/v2\/media\/1128"}],"wp:attachment":[{"href":"https:\/\/www.lekshoppen.se\/index.php\/wp-json\/wp\/v2\/media?parent=1126"}],"wp:term":[{"taxonomy":"product_brand","embeddable":true,"href":"https:\/\/www.lekshoppen.se\/index.php\/wp-json\/wp\/v2\/product_brand?post=1126"},{"taxonomy":"product_cat","embeddable":true,"href":"https:\/\/www.lekshoppen.se\/index.php\/wp-json\/wp\/v2\/product_cat?post=1126"},{"taxonomy":"product_tag","embeddable":true,"href":"https:\/\/www.lekshoppen.se\/index.php\/wp-json\/wp\/v2\/product_tag?post=1126"}],"curies":[{"name":"wp","href":"https:\/\/api.w.org\/{rel}","templated":true}]}}