{"id":1089,"date":"2025-07-06T18:38:44","date_gmt":"2025-07-06T16:38:44","guid":{"rendered":"https:\/\/www.lekshoppen.se\/?post_type=product&#038;p=1089"},"modified":"2025-11-12T15:43:43","modified_gmt":"2025-11-12T14:43:43","slug":"kristallpussel","status":"publish","type":"product","link":"https:\/\/www.lekshoppen.se\/index.php\/produkt\/kristallpussel\/","title":{"rendered":"Kristallpussel"},"content":{"rendered":"<p>Vackra tredimensionella pussel. F\u00e4rdig model pryder sin plats.<\/p>\n<p>Rek.\u00e5lder fr\u00e5n tillverkare \u00e4r 14+ men det \u00e4r v\u00e4ldigt individuellt.<\/p>\n","protected":false},"excerpt":{"rendered":"<p>Kristallpussel<\/p>\n","protected":false},"featured_media":1090,"template":"","meta":[],"product_brand":[],"product_cat":[77,18,76],"product_tag":[],"class_list":{"0":"post-1089","1":"product","2":"type-product","3":"status-publish","4":"has-post-thumbnail","6":"product_cat-kristallpussel","7":"product_cat-populart","8":"product_cat-pussel","10":"first","11":"instock","12":"shipping-taxable","13":"product-type-simple"},"_links":{"self":[{"href":"https:\/\/www.lekshoppen.se\/index.php\/wp-json\/wp\/v2\/product\/1089","targetHints":{"allow":["GET"]}}],"collection":[{"href":"https:\/\/www.lekshoppen.se\/index.php\/wp-json\/wp\/v2\/product"}],"about":[{"href":"https:\/\/www.lekshoppen.se\/index.php\/wp-json\/wp\/v2\/types\/product"}],"wp:featuredmedia":[{"embeddable":true,"href":"https:\/\/www.lekshoppen.se\/index.php\/wp-json\/wp\/v2\/media\/1090"}],"wp:attachment":[{"href":"https:\/\/www.lekshoppen.se\/index.php\/wp-json\/wp\/v2\/media?parent=1089"}],"wp:term":[{"taxonomy":"product_brand","embeddable":true,"href":"https:\/\/www.lekshoppen.se\/index.php\/wp-json\/wp\/v2\/product_brand?post=1089"},{"taxonomy":"product_cat","embeddable":true,"href":"https:\/\/www.lekshoppen.se\/index.php\/wp-json\/wp\/v2\/product_cat?post=1089"},{"taxonomy":"product_tag","embeddable":true,"href":"https:\/\/www.lekshoppen.se\/index.php\/wp-json\/wp\/v2\/product_tag?post=1089"}],"curies":[{"name":"wp","href":"https:\/\/api.w.org\/{rel}","templated":true}]}}