{"id":1083,"date":"2025-07-06T18:16:06","date_gmt":"2025-07-06T16:16:06","guid":{"rendered":"https:\/\/www.lekshoppen.se\/?post_type=product&#038;p=1083"},"modified":"2025-11-12T16:04:11","modified_gmt":"2025-11-12T15:04:11","slug":"overraskningsboll","status":"publish","type":"product","link":"https:\/\/www.lekshoppen.se\/index.php\/produkt\/overraskningsboll\/","title":{"rendered":"\u00d6verraskningsboll"},"content":{"rendered":"<p>Suprise ball inneh\u00e5ller olika sm\u00e5saker fr\u00e5n olika m\u00e4rken som man kan samla p\u00e5.<\/p>\n<p>5+<\/p>\n<p>&nbsp;<\/p>\n","protected":false},"excerpt":{"rendered":"<p>Suprise ball<\/p>\n","protected":false},"featured_media":1084,"template":"","meta":[],"product_brand":[],"product_cat":[15,71],"product_tag":[],"class_list":{"0":"post-1083","1":"product","2":"type-product","3":"status-publish","4":"has-post-thumbnail","6":"product_cat-leksaker","7":"product_cat-smaplockslimefidgettoys","9":"first","10":"instock","11":"shipping-taxable","12":"product-type-simple"},"_links":{"self":[{"href":"https:\/\/www.lekshoppen.se\/index.php\/wp-json\/wp\/v2\/product\/1083","targetHints":{"allow":["GET"]}}],"collection":[{"href":"https:\/\/www.lekshoppen.se\/index.php\/wp-json\/wp\/v2\/product"}],"about":[{"href":"https:\/\/www.lekshoppen.se\/index.php\/wp-json\/wp\/v2\/types\/product"}],"wp:featuredmedia":[{"embeddable":true,"href":"https:\/\/www.lekshoppen.se\/index.php\/wp-json\/wp\/v2\/media\/1084"}],"wp:attachment":[{"href":"https:\/\/www.lekshoppen.se\/index.php\/wp-json\/wp\/v2\/media?parent=1083"}],"wp:term":[{"taxonomy":"product_brand","embeddable":true,"href":"https:\/\/www.lekshoppen.se\/index.php\/wp-json\/wp\/v2\/product_brand?post=1083"},{"taxonomy":"product_cat","embeddable":true,"href":"https:\/\/www.lekshoppen.se\/index.php\/wp-json\/wp\/v2\/product_cat?post=1083"},{"taxonomy":"product_tag","embeddable":true,"href":"https:\/\/www.lekshoppen.se\/index.php\/wp-json\/wp\/v2\/product_tag?post=1083"}],"curies":[{"name":"wp","href":"https:\/\/api.w.org\/{rel}","templated":true}]}}