{"id":1068,"date":"2025-06-08T15:40:47","date_gmt":"2025-06-08T13:40:47","guid":{"rendered":"https:\/\/www.lekshoppen.se\/?post_type=product&#038;p=1068"},"modified":"2025-10-22T14:46:46","modified_gmt":"2025-10-22T12:46:46","slug":"3ds-supersmashbros","status":"publish","type":"product","link":"https:\/\/www.lekshoppen.se\/index.php\/produkt\/3ds-supersmashbros\/","title":{"rendered":"3DS SuperSmashBros"},"content":{"rendered":"<p>Efterl\u00e4ngtat och storslaget fightingspel som samlar Nintendos k\u00e4ndisar tillsammans med tredjepartsg\u00e4ster f\u00f6r en stj\u00e4rnsp\u00e4ckad slagsm\u00e5lsfest utan dess like.<\/p>\n<p>&nbsp;<\/p>\n<p><iframe loading=\"lazy\" title=\"Super Smash Bros. for 3DS\/Wii U 1st Trailer\" width=\"1020\" height=\"574\" src=\"https:\/\/www.youtube.com\/embed\/xvudMu-5kIU?feature=oembed\" frameborder=\"0\" allow=\"accelerometer; autoplay; clipboard-write; encrypted-media; gyroscope; picture-in-picture; web-share\" referrerpolicy=\"strict-origin-when-cross-origin\" allowfullscreen><\/iframe><\/p>\n","protected":false},"excerpt":{"rendered":"<p>3DS Fighting Spel<\/p>\n","protected":false},"featured_media":1069,"template":"","meta":[],"product_brand":[],"product_cat":[41,24,39],"product_tag":[],"class_list":{"0":"post-1068","1":"product","2":"type-product","3":"status-publish","4":"has-post-thumbnail","6":"product_cat-3dsspel","7":"product_cat-kampanjer","8":"product_cat-nintendo","10":"first","11":"instock","12":"sale","13":"shipping-taxable","14":"purchasable","15":"product-type-simple"},"_links":{"self":[{"href":"https:\/\/www.lekshoppen.se\/index.php\/wp-json\/wp\/v2\/product\/1068","targetHints":{"allow":["GET"]}}],"collection":[{"href":"https:\/\/www.lekshoppen.se\/index.php\/wp-json\/wp\/v2\/product"}],"about":[{"href":"https:\/\/www.lekshoppen.se\/index.php\/wp-json\/wp\/v2\/types\/product"}],"wp:featuredmedia":[{"embeddable":true,"href":"https:\/\/www.lekshoppen.se\/index.php\/wp-json\/wp\/v2\/media\/1069"}],"wp:attachment":[{"href":"https:\/\/www.lekshoppen.se\/index.php\/wp-json\/wp\/v2\/media?parent=1068"}],"wp:term":[{"taxonomy":"product_brand","embeddable":true,"href":"https:\/\/www.lekshoppen.se\/index.php\/wp-json\/wp\/v2\/product_brand?post=1068"},{"taxonomy":"product_cat","embeddable":true,"href":"https:\/\/www.lekshoppen.se\/index.php\/wp-json\/wp\/v2\/product_cat?post=1068"},{"taxonomy":"product_tag","embeddable":true,"href":"https:\/\/www.lekshoppen.se\/index.php\/wp-json\/wp\/v2\/product_tag?post=1068"}],"curies":[{"name":"wp","href":"https:\/\/api.w.org\/{rel}","templated":true}]}}